{"id":2528,"date":"2020-07-20T20:57:00","date_gmt":"2020-07-20T20:57:00","guid":{"rendered":"http:\/\/www.construelos.ind.br\/?page_id=2528"},"modified":"2020-07-21T19:33:49","modified_gmt":"2020-07-21T19:33:49","slug":"atuacao","status":"publish","type":"page","link":"https:\/\/www.construelos.ind.br\/en\/atuacao\/","title":{"rendered":"Performance"},"content":{"rendered":"\n<p><strong>Parada de Manuten\u00e7\u00e3o<br><\/strong><br>Especializada em manuten\u00e7\u00e3o de parada programada, a Construtora Elos Engenharia realiza servi\u00e7os multidisciplinares em Ind\u00fastria Petrol\u00edferas, Qu\u00edmicas, Petroqu\u00edmicas, Sider\u00fargicas, dentre outras. Possuindo m\u00e3o de obra especializada em mec\u00e2nica, el\u00e9trica, instrumenta\u00e7\u00e3o, solda e servi\u00e7os complementares, tais como montagem de andaimes, uso de guindastes e outros que permitam a execu\u00e7\u00e3o das tarefas. Com Know-how em manuten\u00e7\u00e3o de torres, fornos, vasos, permutadores, dutos, tubula\u00e7\u00f5es, caldeiras e outros.<\/p>\n\n\n\n<p><strong><br>Manuten\u00e7\u00e3o de Rotina<br><\/strong><br>Com grande experi\u00eancia em Manuten\u00e7\u00e3o de Rotina, a Construtora Elos Engenharia disp\u00f5e de um conjunto de atividades t\u00e9cnicas cuja finalidade objetiva garantir ou restituir a um equipamento, sistema ou instala\u00e7\u00e3o o desempenho projetado dentro de padr\u00f5es aceit\u00e1veis de economicidade. Atuamos com manuten\u00e7\u00e3o preventiva, preditiva e corretiva. Visando elevar a disponibilidade operacional, efici\u00eancia e reduzir custos operacionais incluindo as especialidades de mec\u00e2nica, el\u00e9trica, instrumenta\u00e7\u00e3o, caldeiraria, soldagem, isolamentos t\u00e9rmicos, refrat\u00e1rios e pintura industrial.<\/p>\n\n\n\n<p><strong><br>Constru\u00e7\u00e3o e Montagem<br><\/strong><br>Realizamos servi\u00e7os de constru\u00e7\u00e3o e montagem industrial, nas especialidades de civil, mec\u00e2nica, el\u00e9trica de alta\/baixa, instrumenta\u00e7\u00e3o e automa\u00e7\u00e3o. Atuando em esta\u00e7\u00f5es coletoras, esta\u00e7\u00f5es de inje\u00e7\u00e3o de \u00e1gua, esta\u00e7\u00f5es de compress\u00e3o de g\u00e1s, esta\u00e7\u00f5es de tratamento e armazenamento de \u00f3leo e g\u00e1s, unidades de processamento de g\u00e1s, subesta\u00e7\u00f5es, po\u00e7os de produ\u00e7\u00e3o de \u00f3leo e g\u00e1s, po\u00e7os de inje\u00e7\u00e3o de \u00e1gua e refinarias.<\/p>\n\n\n\n<p><strong><br>Turn key<\/strong><\/p>\n\n\n\n<p>Oferecemos desde a concep\u00e7\u00e3o dos projetos, compra de materiais e equipamentos, fabrica\u00e7\u00e3o e montagem, at\u00e9 a execu\u00e7\u00e3o de testes necess\u00e1rios para garantir o pleno funcionamento da unidade como um todo, entregando ao cliente uma obra completa e pronta para uso.<\/p>\n\n\n\n<p><strong><br>Opera\u00e7\u00e3o<\/strong><\/p>\n\n\n\n<p>Servi\u00e7os de opera\u00e7\u00e3o de equipamentos est\u00e1ticos ou rotativos visando manter e\/ou melhorar o seu desempenho. Com \u00eanfase em opera\u00e7\u00e3o de caldeiras, gerador de vapor e sistemas de tratamento de \u00e1gua, normalmente em regime de turnos de 24 (vinte e quatro) horas.<\/p>\n\n\n\n<p><strong><br>Energias Renov\u00e1veis<\/strong><\/p>\n\n\n\n<p>A Construtora Elos Engenharia possui potencial para atuar em parques de gera\u00e7\u00e3o de energia por fontes renov\u00e1veis. Oferecermos manuten\u00e7\u00e3o, constru\u00e7\u00e3o e montagem em todos os n\u00edveis do projeto, al\u00e9m de prestarmos consultoria e assessoria t\u00e9cnica. Possu\u00edmos uma equipe multidisciplinar qualificada, com parceiros de grande expertise na \u00e1rea.<\/p>\n","protected":false},"excerpt":{"rendered":"<p>Parada de Manuten\u00e7\u00e3oEspecializada em manuten\u00e7\u00e3o de parada programada, a Construtora Elos Engenharia realiza servi\u00e7os multidisciplinares em Ind\u00fastria Petrol\u00edferas, Qu\u00edmicas, Petroqu\u00edmicas, Sider\u00fargicas, dentre outras. Possuindo m\u00e3o de obra especializada em mec\u00e2nica, el\u00e9trica, instrumenta\u00e7\u00e3o, solda e servi\u00e7os complementares, tais como montagem de andaimes, uso de guindastes e outros que permitam a execu\u00e7\u00e3o das tarefas. Com Know-how em [&hellip;]<\/p>\n","protected":false},"author":1,"featured_media":0,"parent":0,"menu_order":0,"comment_status":"closed","ping_status":"closed","template":"","meta":{"_mi_skip_tracking":false,"_exactmetrics_sitenote_active":false,"_exactmetrics_sitenote_note":"","_exactmetrics_sitenote_category":0},"acf":[],"yoast_head":"<!-- This site is optimized with the Yoast SEO plugin v20.10 - https:\/\/yoast.com\/wordpress\/plugins\/seo\/ -->\n<title>Performance - Construction Engineering Links<\/title>\n<meta name=\"robots\" content=\"index, follow, max-snippet:-1, max-image-preview:large, max-video-preview:-1\" \/>\n<link rel=\"canonical\" href=\"https:\/\/www.construelos.ind.br\/en\/atuacao\/\" \/>\n<meta property=\"og:locale\" content=\"en_US\" \/>\n<meta property=\"og:type\" content=\"article\" \/>\n<meta property=\"og:title\" content=\"Performance - Construction Engineering Links\" \/>\n<meta property=\"og:description\" content=\"Parada de Manuten\u00e7\u00e3oEspecializada em manuten\u00e7\u00e3o de parada programada, a Construtora Elos Engenharia realiza servi\u00e7os multidisciplinares em Ind\u00fastria Petrol\u00edferas, Qu\u00edmicas, Petroqu\u00edmicas, Sider\u00fargicas, dentre outras. Possuindo m\u00e3o de obra especializada em mec\u00e2nica, el\u00e9trica, instrumenta\u00e7\u00e3o, solda e servi\u00e7os complementares, tais como montagem de andaimes, uso de guindastes e outros que permitam a execu\u00e7\u00e3o das tarefas. Com Know-how em [&hellip;]\" \/>\n<meta property=\"og:url\" content=\"https:\/\/www.construelos.ind.br\/en\/atuacao\/\" \/>\n<meta property=\"og:site_name\" content=\"Construction Engineering Links\" \/>\n<meta property=\"article:publisher\" content=\"https:\/\/www.facebook.com\/construelos\" \/>\n<meta property=\"article:modified_time\" content=\"2020-07-21T19:33:49+00:00\" \/>\n<meta property=\"og:image\" content=\"https:\/\/www.construelos.ind.br\/wp-content\/uploads\/2015\/02\/elos_face.png\" \/>\n\t<meta property=\"og:image:width\" content=\"299\" \/>\n\t<meta property=\"og:image:height\" content=\"299\" \/>\n\t<meta property=\"og:image:type\" content=\"image\/png\" \/>\n<meta name=\"twitter:label1\" content=\"Est. reading time\" \/>\n\t<meta name=\"twitter:data1\" content=\"2 minutes\" \/>\n<script type=\"application\/ld+json\" class=\"yoast-schema-graph\">{\"@context\":\"https:\/\/schema.org\",\"@graph\":[{\"@type\":\"WebPage\",\"@id\":\"https:\/\/www.construelos.ind.br\/en\/atuacao\/\",\"url\":\"https:\/\/www.construelos.ind.br\/en\/atuacao\/\",\"name\":\"Performance - Construction Engineering Links\",\"isPartOf\":{\"@id\":\"https:\/\/www.construelos.ind.br\/#website\"},\"datePublished\":\"2020-07-20T20:57:00+00:00\",\"dateModified\":\"2020-07-21T19:33:49+00:00\",\"breadcrumb\":{\"@id\":\"https:\/\/www.construelos.ind.br\/en\/atuacao\/#breadcrumb\"},\"inLanguage\":\"en-US\",\"potentialAction\":[{\"@type\":\"ReadAction\",\"target\":[\"https:\/\/www.construelos.ind.br\/en\/atuacao\/\"]}]},{\"@type\":\"BreadcrumbList\",\"@id\":\"https:\/\/www.construelos.ind.br\/en\/atuacao\/#breadcrumb\",\"itemListElement\":[{\"@type\":\"ListItem\",\"position\":1,\"name\":\"In\u00edcio\",\"item\":\"https:\/\/www.construelos.ind.br\/\"},{\"@type\":\"ListItem\",\"position\":2,\"name\":\"Performance\"}]},{\"@type\":\"WebSite\",\"@id\":\"https:\/\/www.construelos.ind.br\/#website\",\"url\":\"https:\/\/www.construelos.ind.br\/\",\"name\":\"Construction Engineering Links\",\"description\":\"\",\"potentialAction\":[{\"@type\":\"SearchAction\",\"target\":{\"@type\":\"EntryPoint\",\"urlTemplate\":\"https:\/\/www.construelos.ind.br\/?s={search_term_string}\"},\"query-input\":\"required name=search_term_string\"}],\"inLanguage\":\"en-US\"}]}<\/script>\n<!-- \/ Yoast SEO plugin. -->","yoast_head_json":{"title":"Performance - Construction Engineering Links","robots":{"index":"index","follow":"follow","max-snippet":"max-snippet:-1","max-image-preview":"max-image-preview:large","max-video-preview":"max-video-preview:-1"},"canonical":"https:\/\/www.construelos.ind.br\/en\/atuacao\/","og_locale":"en_US","og_type":"article","og_title":"Performance - Construction Engineering Links","og_description":"Parada de Manuten\u00e7\u00e3oEspecializada em manuten\u00e7\u00e3o de parada programada, a Construtora Elos Engenharia realiza servi\u00e7os multidisciplinares em Ind\u00fastria Petrol\u00edferas, Qu\u00edmicas, Petroqu\u00edmicas, Sider\u00fargicas, dentre outras. Possuindo m\u00e3o de obra especializada em mec\u00e2nica, el\u00e9trica, instrumenta\u00e7\u00e3o, solda e servi\u00e7os complementares, tais como montagem de andaimes, uso de guindastes e outros que permitam a execu\u00e7\u00e3o das tarefas. Com Know-how em [&hellip;]","og_url":"https:\/\/www.construelos.ind.br\/en\/atuacao\/","og_site_name":"Construction Engineering Links","article_publisher":"https:\/\/www.facebook.com\/construelos","article_modified_time":"2020-07-21T19:33:49+00:00","og_image":[{"width":299,"height":299,"url":"https:\/\/www.construelos.ind.br\/wp-content\/uploads\/2015\/02\/elos_face.png","type":"image\/png"}],"twitter_misc":{"Est. reading time":"2 minutes"},"schema":{"@context":"https:\/\/schema.org","@graph":[{"@type":"WebPage","@id":"https:\/\/www.construelos.ind.br\/en\/atuacao\/","url":"https:\/\/www.construelos.ind.br\/en\/atuacao\/","name":"Performance - Construction Engineering Links","isPartOf":{"@id":"https:\/\/www.construelos.ind.br\/#website"},"datePublished":"2020-07-20T20:57:00+00:00","dateModified":"2020-07-21T19:33:49+00:00","breadcrumb":{"@id":"https:\/\/www.construelos.ind.br\/en\/atuacao\/#breadcrumb"},"inLanguage":"en-US","potentialAction":[{"@type":"ReadAction","target":["https:\/\/www.construelos.ind.br\/en\/atuacao\/"]}]},{"@type":"BreadcrumbList","@id":"https:\/\/www.construelos.ind.br\/en\/atuacao\/#breadcrumb","itemListElement":[{"@type":"ListItem","position":1,"name":"In\u00edcio","item":"https:\/\/www.construelos.ind.br\/"},{"@type":"ListItem","position":2,"name":"Performance"}]},{"@type":"WebSite","@id":"https:\/\/www.construelos.ind.br\/#website","url":"https:\/\/www.construelos.ind.br\/","name":"Construction Engineering Links","description":"","potentialAction":[{"@type":"SearchAction","target":{"@type":"EntryPoint","urlTemplate":"https:\/\/www.construelos.ind.br\/?s={search_term_string}"},"query-input":"required name=search_term_string"}],"inLanguage":"en-US"}]}},"_links":{"self":[{"href":"https:\/\/www.construelos.ind.br\/en\/wp-json\/wp\/v2\/pages\/2528"}],"collection":[{"href":"https:\/\/www.construelos.ind.br\/en\/wp-json\/wp\/v2\/pages"}],"about":[{"href":"https:\/\/www.construelos.ind.br\/en\/wp-json\/wp\/v2\/types\/page"}],"author":[{"embeddable":true,"href":"https:\/\/www.construelos.ind.br\/en\/wp-json\/wp\/v2\/users\/1"}],"replies":[{"embeddable":true,"href":"https:\/\/www.construelos.ind.br\/en\/wp-json\/wp\/v2\/comments?post=2528"}],"version-history":[{"count":2,"href":"https:\/\/www.construelos.ind.br\/en\/wp-json\/wp\/v2\/pages\/2528\/revisions"}],"predecessor-version":[{"id":2571,"href":"https:\/\/www.construelos.ind.br\/en\/wp-json\/wp\/v2\/pages\/2528\/revisions\/2571"}],"wp:attachment":[{"href":"https:\/\/www.construelos.ind.br\/en\/wp-json\/wp\/v2\/media?parent=2528"}],"curies":[{"name":"wp","href":"https:\/\/api.w.org\/{rel}","templated":true}]}}